{"id":1014,"date":"2024-12-19T16:35:43","date_gmt":"2024-12-19T15:35:43","guid":{"rendered":"https:\/\/vbcompliance.cl\/home\/index.php\/about\/"},"modified":"2025-03-20T16:42:48","modified_gmt":"2025-03-20T19:42:48","slug":"nosotros","status":"publish","type":"page","link":"https:\/\/vbcompliance.cl\/home\/nosotros\/","title":{"rendered":"Nosotros"},"content":{"rendered":"\n<div class=\"wp-block-uagb-container uag-blocks-common-selector uagb-layout-flex uagb-block-72af0111 alignfull uagb-is-root-container\"><div class=\"uagb-container-inner-blocks-wrap\">\n<div class=\"wp-block-uagb-advanced-heading uagb-block-4a483d8e\"><h5 class=\"uagb-heading-text\">Nosotros<\/h5><\/div>\n\n\n\n<div class=\"wp-block-uagb-advanced-heading uagb-block-61ed7520\"><h4 class=\"uagb-heading-text\">Hacia d\u00f3nde vamos<\/h4><\/div>\n<\/div><\/div>\n\n\n\n<div class=\"wp-block-uagb-container uagb-block-db4a6000 alignwide uagb-is-root-container\">\n<div class=\"wp-block-columns is-layout-flex wp-container-core-columns-is-layout-28f84493 wp-block-columns-is-layout-flex\">\n<div class=\"wp-block-column has-ast-global-color-0-background-color has-background is-layout-flow wp-container-core-column-is-layout-b2a27621 wp-block-column-is-layout-flow\" style=\"padding-top:0;padding-right:0;padding-bottom:0;padding-left:0\">\n<div class=\"wp-block-uagb-container uagb-layout-flex uagb-block-3bbbdefe\">\n<div class=\"wp-block-uagb-info-box uagb-block-3e47601b uagb-infobox__content-wrap  uagb-infobox-icon-above-title uagb-infobox-image-valign-top wp-block-uagb-info-box--has-margin\"><div class=\"uagb-infobox-margin-wrapper\"><div class=\"uagb-ifb-content\"><div class=\"uagb-ifb-title-wrap\"><h3 class=\"uagb-ifb-title-prefix\">Nuestra gu\u00eda es construir un futuro con integridad, innovaci\u00f3n y compromiso, transformando en un impacto positivo cada paso que damos.<\/h3><\/div><div class=\"uagb-ifb-separator\"><\/div><\/div><\/div><\/div>\n<\/div>\n<\/div>\n\n\n\n<div class=\"wp-block-column is-layout-constrained wp-block-column-is-layout-constrained\">\n<div class=\"wp-block-uagb-image alignleft uagb-block-efd08b21 wp-block-uagb-image--layout-default wp-block-uagb-image--effect-static wp-block-uagb-image--align-left\"><figure class=\"wp-block-uagb-image__figure\"><img decoding=\"async\" srcset=\"https:\/\/vbcompliance.cl\/home\/wp-content\/uploads\/2025\/03\/Abogados-865x1024.jpg ,https:\/\/vbcompliance.cl\/home\/wp-content\/uploads\/2025\/03\/Abogados.jpg 780w, https:\/\/vbcompliance.cl\/home\/wp-content\/uploads\/2025\/03\/Abogados.jpg 360w\" sizes=\"auto, (max-width: 480px) 150px\" src=\"https:\/\/vbcompliance.cl\/home\/wp-content\/uploads\/2025\/03\/Abogados-865x1024.jpg\" alt=\"\" class=\"uag-image-2172\" width=\"865\" height=\"750\" title=\"\" loading=\"lazy\" role=\"presentation\"\/><\/figure><\/div>\n<\/div>\n<\/div>\n<\/div>\n\n\n\n<div class=\"wp-block-uagb-container uagb-block-57e6b007 alignfull uagb-is-root-container\"><div class=\"uagb-container-inner-blocks-wrap\">\n<div class=\"wp-block-uagb-container uagb-block-c3624151 alignfull uagb-is-root-container\"><div class=\"uagb-container-inner-blocks-wrap\">\n<div data-aos= \"flip-down\" data-aos-duration=\"400\" data-aos-delay=\"0\" data-aos-easing=\"ease\" data-aos-once=\"true\" class=\"wp-block-uagb-container uagb-block-bce17524\">\n<div class=\"wp-block-uagb-info-box uagb-block-acf810f1 uagb-infobox__content-wrap  uagb-infobox-icon-above-title uagb-infobox-image-valign-top\"><div class=\"uagb-ifb-content\"><div class=\"uagb-ifb-title-wrap\"><span class=\"uagb-ifb-title-prefix\">01.<br><\/span><h3 class=\"uagb-ifb-title\">Nuestra Misi\u00f3n<\/h3><\/div><p class=\"uagb-ifb-desc\">Ofrecer en un formato robusto y apropiado a cada din\u00e1mica organizacional, las principales herramientas y conocimientos actualizados, con est\u00e1ndares internacionales de AML (Anti-Money Laundering), necesarios para dar cumplimiento a la normativa nacional e internacional y que permita, en forma r\u00e1pida y oportuna, contar con la informaci\u00f3n necesaria para la mejor toma de decisiones operacionales y comerciales, cumpliendo en tiempo y forma con los requerimientos de los reguladores, contribuyendo as\u00ed a la transparencia y \u00e9tica de la industria.<\/p><\/div><\/div>\n<\/div>\n\n\n\n<div data-aos= \"flip-down\" data-aos-duration=\"400\" data-aos-delay=\"0\" data-aos-easing=\"ease\" data-aos-once=\"true\" class=\"wp-block-uagb-container uagb-block-184d8466\">\n<div class=\"wp-block-uagb-info-box uagb-block-a88a872a uagb-infobox__content-wrap  uagb-infobox-icon-above-title uagb-infobox-image-valign-top\"><div class=\"uagb-ifb-content\"><div class=\"uagb-ifb-title-wrap\"><span class=\"uagb-ifb-title-prefix\">02.<br><\/span><h3 class=\"uagb-ifb-title\">Nuestra Visi\u00f3n<\/h3><\/div><p class=\"uagb-ifb-desc\">Consolidarnos como una consultora que promocione y se constituya en un aporte para una cultura organizacional inserta en un marco de \u00e9tica e integridad, que considere a todos los actores del mercado y se involucre en las distintas \u00e1reas de la econom\u00eda, generando soluciones reales, actualizadas y aplicables a las necesidades de las organizaciones y sus colaboradores, sirviendo como un referente para la industria nacional y su expansi\u00f3n internacional.<\/p><\/div><\/div>\n<\/div>\n\n\n\n<div data-aos= \"flip-down\" data-aos-duration=\"400\" data-aos-delay=\"0\" data-aos-easing=\"ease\" data-aos-once=\"true\" class=\"wp-block-uagb-container uagb-block-799e2ef5\">\n<div class=\"wp-block-uagb-info-box uagb-block-7402f81e uagb-infobox__content-wrap  uagb-infobox-icon-above-title uagb-infobox-image-valign-top\"><div class=\"uagb-ifb-content\"><div class=\"uagb-ifb-title-wrap\"><span class=\"uagb-ifb-title-prefix\">03.<br><\/span><h3 class=\"uagb-ifb-title\">Nuestros Valores<\/h3><\/div><p class=\"uagb-ifb-desc\">Los valores que gu\u00edan nuestro ejercicio profesional se enmarcan en la responsabilidad con el cliente, el compromiso con integridad en la realizaci\u00f3n de un trabajo personalizado de excelencia, actualizando permanentemente los conocimientos, a fin de aportar soluciones reales aplicables a las diversas din\u00e1micas organizacionales del cliente y sus colaboradores.<\/p><\/div><\/div>\n<\/div>\n<\/div><\/div>\n<\/div><\/div>\n\n\n\n<p><\/p>\n","protected":false},"excerpt":{"rendered":"<p>Nosotros Hacia d\u00f3nde vamos<\/p>\n","protected":false},"author":1,"featured_media":0,"parent":0,"menu_order":0,"comment_status":"closed","ping_status":"closed","template":"","meta":{"_uag_custom_page_level_css":"","site-sidebar-layout":"no-sidebar","site-content-layout":"plain-container","ast-site-content-layout":"normal-width-container","site-content-style":"unboxed","site-sidebar-style":"unboxed","ast-global-header-display":"","ast-banner-title-visibility":"","ast-main-header-display":"","ast-hfb-above-header-display":"","ast-hfb-below-header-display":"","ast-hfb-mobile-header-display":"","site-post-title":"disabled","ast-breadcrumbs-content":"disabled","ast-featured-img":"disabled","footer-sml-layout":"","theme-transparent-header-meta":"disabled","adv-header-id-meta":"","stick-header-meta":"","header-above-stick-meta":"","header-main-stick-meta":"","header-below-stick-meta":"","astra-migrate-meta-layouts":"set","ast-page-background-enabled":"default","ast-page-background-meta":{"desktop":{"background-color":"var(--ast-global-color-4)","background-image":"","background-repeat":"repeat","background-position":"center center","background-size":"auto","background-attachment":"scroll","background-type":"","background-media":"","overlay-type":"","overlay-color":"","overlay-opacity":"","overlay-gradient":""},"tablet":{"background-color":"","background-image":"","background-repeat":"repeat","background-position":"center center","background-size":"auto","background-attachment":"scroll","background-type":"","background-media":"","overlay-type":"","overlay-color":"","overlay-opacity":"","overlay-gradient":""},"mobile":{"background-color":"","background-image":"","background-repeat":"repeat","background-position":"center center","background-size":"auto","background-attachment":"scroll","background-type":"","background-media":"","overlay-type":"","overlay-color":"","overlay-opacity":"","overlay-gradient":""}},"ast-content-background-meta":{"desktop":{"background-color":"var(--ast-global-color-5)","background-image":"","background-repeat":"repeat","background-position":"center center","background-size":"auto","background-attachment":"scroll","background-type":"","background-media":"","overlay-type":"","overlay-color":"","overlay-opacity":"","overlay-gradient":""},"tablet":{"background-color":"var(--ast-global-color-5)","background-image":"","background-repeat":"repeat","background-position":"center center","background-size":"auto","background-attachment":"scroll","background-type":"","background-media":"","overlay-type":"","overlay-color":"","overlay-opacity":"","overlay-gradient":""},"mobile":{"background-color":"var(--ast-global-color-5)","background-image":"","background-repeat":"repeat","background-position":"center center","background-size":"auto","background-attachment":"scroll","background-type":"","background-media":"","overlay-type":"","overlay-color":"","overlay-opacity":"","overlay-gradient":""}},"footnotes":""},"class_list":["post-1014","page","type-page","status-publish","hentry"],"uagb_featured_image_src":{"full":false,"thumbnail":false,"medium":false,"medium_large":false,"large":false,"1536x1536":false,"2048x2048":false},"uagb_author_info":{"display_name":"vbmario","author_link":"https:\/\/vbcompliance.cl\/home\/author\/vbmario\/"},"uagb_comment_info":0,"uagb_excerpt":"Nosotros Hacia d\u00f3nde vamos","_links":{"self":[{"href":"https:\/\/vbcompliance.cl\/home\/wp-json\/wp\/v2\/pages\/1014","targetHints":{"allow":["GET"]}}],"collection":[{"href":"https:\/\/vbcompliance.cl\/home\/wp-json\/wp\/v2\/pages"}],"about":[{"href":"https:\/\/vbcompliance.cl\/home\/wp-json\/wp\/v2\/types\/page"}],"author":[{"embeddable":true,"href":"https:\/\/vbcompliance.cl\/home\/wp-json\/wp\/v2\/users\/1"}],"replies":[{"embeddable":true,"href":"https:\/\/vbcompliance.cl\/home\/wp-json\/wp\/v2\/comments?post=1014"}],"version-history":[{"count":76,"href":"https:\/\/vbcompliance.cl\/home\/wp-json\/wp\/v2\/pages\/1014\/revisions"}],"predecessor-version":[{"id":2309,"href":"https:\/\/vbcompliance.cl\/home\/wp-json\/wp\/v2\/pages\/1014\/revisions\/2309"}],"wp:attachment":[{"href":"https:\/\/vbcompliance.cl\/home\/wp-json\/wp\/v2\/media?parent=1014"}],"curies":[{"name":"wp","href":"https:\/\/api.w.org\/{rel}","templated":true}]}}