{"id":2159,"date":"2025-03-14T15:03:47","date_gmt":"2025-03-14T18:03:47","guid":{"rendered":"https:\/\/vbcompliance.cl\/home\/?page_id=2159"},"modified":"2026-03-30T16:21:25","modified_gmt":"2026-03-30T19:21:25","slug":"servicios","status":"publish","type":"page","link":"https:\/\/vbcompliance.cl\/home\/servicios\/","title":{"rendered":"Servicios"},"content":{"rendered":"\n<div class=\"wp-block-uagb-container uagb-block-45a3d135 alignfull uagb-is-root-container\"><div class=\"uagb-container-inner-blocks-wrap\">\n<div class=\"wp-block-uagb-advanced-heading uagb-block-d687f9bb\"><h1 class=\"uagb-heading-text\">Servicios<\/h1><\/div>\n\n\n\n<div class=\"wp-block-uagb-advanced-heading uagb-block-de25c9f7\"><h6 class=\"uagb-heading-text\">Lo que hacemos<\/h6><\/div>\n<\/div><\/div>\n\n\n\n<div class=\"wp-block-uagb-container uagb-block-964adf31 alignfull uagb-is-root-container\"><div class=\"uagb-container-inner-blocks-wrap\">\n<div class=\"wp-block-uagb-advanced-heading uagb-block-ed837b19\"><h4 class=\"uagb-heading-text\">Somos una consultora autorizada por la Comisi\u00f3n para el Mercado Financiero (CMF) para certificar Modelos de<br>Prevenci\u00f3n de Delitos y acreditada por el SERNAC para certificar Planes de Cumplimiento en normas<br>de protecci\u00f3n de los Derechos del Consumidor, en el marco de Procedimientos Voluntarios Colectivos (PVC).<\/h4><\/div>\n<\/div><\/div>\n\n\n\n<div id=\"evaluacion\" class=\"wp-block-uagb-container uagb-block-688b09d2 alignfull uagb-is-root-container\"><div class=\"uagb-container-inner-blocks-wrap\">\n<div class=\"wp-block-media-text alignwide is-stacked-on-mobile is-vertically-aligned-top\" style=\"grid-template-columns:30% auto\"><figure class=\"wp-block-media-text__media\"><img loading=\"lazy\" decoding=\"async\" width=\"480\" height=\"500\" src=\"https:\/\/vbcompliance.cl\/home\/wp-content\/uploads\/2026\/03\/Foto2.jpg\" alt=\"\" class=\"wp-image-2456 size-full\" srcset=\"https:\/\/vbcompliance.cl\/home\/wp-content\/uploads\/2026\/03\/Foto2.jpg 480w, https:\/\/vbcompliance.cl\/home\/wp-content\/uploads\/2026\/03\/Foto2-288x300.jpg 288w\" sizes=\"auto, (max-width: 480px) 100vw, 480px\" \/><\/figure><div class=\"wp-block-media-text__content\">\n<header class=\"wp-block-uagb-advanced-heading uagb-block-de634117\"><h4 class=\"uagb-heading-text\">01.  <strong><strong>Dise\u00f1o e implementaci\u00f3n de Modelos protecci\u00f3n y tratamiento de datos personales<\/strong><\/strong>.<\/h4><\/header>\n\n\n\n<p><\/p>\n\n\n\n<p>Apoyamos a su organizaci\u00f3n para dise\u00f1ar e implementar un Modelo de prevenci\u00f3n de infracciones en protecci\u00f3n de datos personales alineado a los nuevos requerimientos de la Ley N\u00b021.719 (de la protecci\u00f3n y tratamiento de Datos Personales).<\/p>\n\n\n\n<p><strong>Dise\u00f1amos la Matriz de riesgo<\/strong>, herramienta t\u00e9cnica para identificar, evaluar y mitigar peligros asociados al tratamiento de datos y desarrollamos pol\u00edticas y controles adaptados a la realidad de cada organizaci\u00f3n.<\/p>\n\n\n\n<p><strong>RAT<\/strong>: elaboramos el registro de actividades de tratamiento, de car\u00e1cter obligatorio seg\u00fan el art\u00edculo 30 del Reglamento General de Protecci\u00f3n de Datos (RGPD), documento descriptivo que detalla qu\u00e9 datos se manejan, para qu\u00e9 fines y bajo qu\u00e9 plazos de conservaci\u00f3n, demostrando el control efectivo sobre el flujo de informaci\u00f3n.<\/p>\n\n\n\n<p>Nuestro enfoque garantiza que el cumplimiento normativo no sea un obst\u00e1culo para el \u00e1rea comercial, sino un facilitador que genere confianza ante la comunidad, reguladores y terceras partes.<\/p>\n<\/div><\/div>\n<\/div><\/div>\n\n\n\n<div id=\"certifi\" class=\"wp-block-uagb-container uagb-block-bcc8a3e0 alignfull uagb-is-root-container\"><div class=\"uagb-container-inner-blocks-wrap\">\n<div class=\"wp-block-media-text alignwide is-stacked-on-mobile is-vertically-aligned-top\" style=\"grid-template-columns:30% auto\"><figure class=\"wp-block-media-text__media\"><img loading=\"lazy\" decoding=\"async\" width=\"480\" height=\"500\" src=\"https:\/\/vbcompliance.cl\/home\/wp-content\/uploads\/2025\/03\/Engranaje.jpg\" alt=\"\" class=\"wp-image-2277 size-full\" srcset=\"https:\/\/vbcompliance.cl\/home\/wp-content\/uploads\/2025\/03\/Engranaje.jpg 480w, https:\/\/vbcompliance.cl\/home\/wp-content\/uploads\/2025\/03\/Engranaje-288x300.jpg 288w\" sizes=\"auto, (max-width: 480px) 100vw, 480px\" \/><\/figure><div class=\"wp-block-media-text__content\">\n<header class=\"wp-block-uagb-advanced-heading uagb-block-b5c156fc\" id=\"certificacion\"><h4 class=\"uagb-heading-text\">02. <strong>Evaluaci\u00f3n independiente y Certificaci\u00f3n de Modelos de Prevenci\u00f3n de Delitos<\/strong>.<\/h4><\/header>\n\n\n\n<p><\/p>\n\n\n\n<p>La Ley de Delitos Econ\u00f3micos y Ambientales modifica la Ley de responsabilidad penal de las personas jur\u00eddicas en su art\u00edculo 4 estableciendo que los Modelos de Prevenci\u00f3n de Delitos deben estar efectivamente implementados y ser sometidos a revisi\u00f3n por terceros independientes. Esta evaluaci\u00f3n permite generar mecanismos de perfeccionamiento y actualizaci\u00f3n continua,condici\u00f3n indispensable para que la persona jur\u00eddica pueda eximirse de responsabilidad penal.<\/p>\n\n\n\n<p><strong>En este contexto, ofrecemos nuestros servicios de:<\/strong><\/p>\n\n\n\n<ul class=\"wp-block-list\">\n<li><strong>Evaluaci\u00f3n Independiente: <\/strong>Auditamos Modelos de cumplimiento implementados para identificar brechas en procesos, pol\u00edticas y normativas. A partir de este diagn\u00f3stico, entregamos sugerencias pr\u00e1cticas que fortalecen tu Modelo frente a nuevas regulaciones, reguladores y est\u00e1ndares internacionales. La evaluaci\u00f3n independiente es un instrumento clave de mejora continua que contribuye a generar una cultura de integridad y \u00e9tica empresarial.<\/li>\n\n\n\n<li><strong>Certificaci\u00f3n: <\/strong>La auditor\u00eda y fortalecimiento del Modelo de Prevenci\u00f3n de Delitos implementado, permite acceder a la certificaci\u00f3n que otorga respaldo legal y reputacional. Este reconocimiento, aplicable a empresas p\u00fablicas, privadas, ONG y corporaciones, contribuye a fortalecer la credibilidad institucional y a consolidar la posici\u00f3n competitiva de su organizaci\u00f3n en el mercado.<\/li>\n<\/ul>\n\n\n\n<p>Obtuvimos la certificaci\u00f3n otorgada por la Comisi\u00f3n para el Mercado Financiero (CMF, N\u00b0 de inscripci\u00f3n 44), que nos acredita como entidad Certificadora de Modelos de Prevenci\u00f3n de Delitos (MPD). Esto nos confiere idoneidad y respaldo ante los fiscalizadores y reguladores, fortaleciendo nuestra capacidad de acompa\u00f1ar a las organizaciones en el cumplimiento normativo y en la gesti\u00f3n de riesgos legales.<\/p>\n<\/div><\/div>\n<\/div><\/div>\n\n\n\n<div id=\"implementa\" class=\"wp-block-uagb-container uagb-block-8b3eff4b alignfull uagb-is-root-container\"><div class=\"uagb-container-inner-blocks-wrap\">\n<div class=\"wp-block-media-text alignwide is-stacked-on-mobile is-vertically-aligned-top\" style=\"grid-template-columns:30% auto\"><figure class=\"wp-block-media-text__media\"><img loading=\"lazy\" decoding=\"async\" width=\"480\" height=\"500\" src=\"https:\/\/vbcompliance.cl\/home\/wp-content\/uploads\/2025\/03\/Certificacion.jpg\" alt=\"\" class=\"wp-image-2287 size-full\" srcset=\"https:\/\/vbcompliance.cl\/home\/wp-content\/uploads\/2025\/03\/Certificacion.jpg 480w, https:\/\/vbcompliance.cl\/home\/wp-content\/uploads\/2025\/03\/Certificacion-288x300.jpg 288w\" sizes=\"auto, (max-width: 480px) 100vw, 480px\" \/><\/figure><div class=\"wp-block-media-text__content\">\n<header class=\"wp-block-uagb-advanced-heading uagb-block-0fa4c43d\"><h4 class=\"uagb-heading-text\">03. <strong><strong>Dise\u00f1o e implementaci\u00f3n de Modelos Prevenci\u00f3n de Delitos (MPD).<\/strong><\/strong><\/h4><\/header>\n\n\n\n<p><\/p>\n\n\n\n<p>Su empresa estar\u00e1 debidamente alineada y preparada ante una eventual fiscalizaci\u00f3n de las entidades reguladoras, mediante una implementaci\u00f3n de pol\u00edticas y procedimientos aplicados que abarcan, entre otros, conflicto de intereses, confidencialidad de la Informaci\u00f3n, protecci\u00f3n de activos, tratamiento personas PEP, definici\u00f3n de&nbsp; roles y responsabilidades del Gobierno Corporativo, colaboradores, y asesores, actividades de monitoreo (mejoras organizativas y de control interno) y capacitaci\u00f3n del Programa a colaboradores.<\/p>\n\n\n\n<p><strong>Una adecuada y efectiva implementaci\u00f3n permite:<\/strong><\/p>\n\n\n\n<ul class=\"wp-block-list\">\n<li>Reducir sanciones a la alta administraci\u00f3n.<\/li>\n\n\n\n<li>Disminuir riesgos legales, reputacionales y econ\u00f3micos.<\/li>\n\n\n\n<li>Acotar la responsabilidad de los il\u00edcitos \u00fanicamente a sus autores.<\/li>\n<\/ul>\n\n\n\n<p>Al contar con un Modelo de Prevenci\u00f3n de Delitos efectivo y eficaz, su organizaci\u00f3n cumple con su deber de control y supervisi\u00f3n, dispone de los mecanismos y controles necesarios para prevenir la comisi\u00f3n de actos delictivos y asegura que, en caso de que uno de sus colaboradores incurra en un il\u00edcito, la responsabilidad se limite exclusivamente a \u00e9l.<\/p>\n<\/div><\/div>\n<\/div><\/div>\n\n\n\n<div id=\"implementacion\" class=\"wp-block-uagb-container uagb-block-e7674063 alignfull uagb-is-root-container\"><div class=\"uagb-container-inner-blocks-wrap\">\n<div class=\"wp-block-media-text alignwide is-stacked-on-mobile is-vertically-aligned-top\" style=\"grid-template-columns:30% auto\"><figure class=\"wp-block-media-text__media\"><img loading=\"lazy\" decoding=\"async\" width=\"480\" height=\"500\" src=\"https:\/\/vbcompliance.cl\/home\/wp-content\/uploads\/2025\/03\/Integridad.jpg\" alt=\"\" class=\"wp-image-2278 size-full\" srcset=\"https:\/\/vbcompliance.cl\/home\/wp-content\/uploads\/2025\/03\/Integridad.jpg 480w, https:\/\/vbcompliance.cl\/home\/wp-content\/uploads\/2025\/03\/Integridad-288x300.jpg 288w\" sizes=\"auto, (max-width: 480px) 100vw, 480px\" \/><\/figure><div class=\"wp-block-media-text__content\">\n<header class=\"wp-block-uagb-advanced-heading uagb-block-2cee6200\"><h4 class=\"uagb-heading-text\">04.  <strong><strong>Dise\u00f1o e implementaci\u00f3n de Programas de Integridad y Compliance.<\/strong><\/strong><\/h4><\/header>\n\n\n\n<p><\/p>\n\n\n\n<p>El Programa implementado queda alineado al dictamen de la <strong>Contralor\u00eda General de la Rep\u00fablica<\/strong> que obliga a las empresas proveedoras del Estado a contar con un Programa de Integridad y Cumplimiento, lo que es considerado en el puntaje de la evaluaci\u00f3n final.<\/p>\n\n\n\n<p>Fortalecemos la cultura de integridad y cumplimiento de su organizaci\u00f3n con el apoyo de un equipo multidisciplinario de consultores profesionales especializados. Realizamos una revisi\u00f3n exhaustiva del C\u00f3digo de \u00c9tica para asegurar que los principios y valores fundamentales est\u00e9n plenamente integrados en la cultura corporativa y alineados con las mejores pr\u00e1cticas y normativas vigentes.<\/p>\n\n\n\n<p><strong>La implementaci\u00f3n de este Programa demuestra un compromiso s\u00f3lido con la \u00e9tica empresarial, que se transmite a colaboradores y terceros relacionados, generando beneficios estrat\u00e9gicos como:<\/strong><\/p>\n\n\n\n<ul class=\"wp-block-list\">\n<li>Mejor reputaci\u00f3n e imagen corporativa, aumentando el valor de la organizaci\u00f3n.<\/li>\n\n\n\n<li>Confianza interna y externa, acreditando controles alineados con est\u00e1ndares internacionales.<\/li>\n\n\n\n<li>Reducci\u00f3n de riesgos legales y penales, gracias a una gesti\u00f3n adecuada del plan de cumplimiento.<\/li>\n\n\n\n<li>Ventajas competitivas en licitaciones p\u00fablicas y relaciones con compa\u00f1\u00edas internacionales.<\/li>\n\n\n\n<li>Fortalecimiento frente a la banca y aseguradoras, validando altos est\u00e1ndares de \u00e9tica empresarial.<\/li>\n\n\n\n<li>Reconocimiento ante reguladores y comunidades, consolidando credibilidad institucional.<\/li>\n<\/ul>\n<\/div><\/div>\n<\/div><\/div>\n\n\n\n<div id=\"implem\" class=\"wp-block-uagb-container uagb-block-a83c1236 alignfull uagb-is-root-container\"><div class=\"uagb-container-inner-blocks-wrap\">\n<div class=\"wp-block-media-text alignwide is-stacked-on-mobile is-vertically-aligned-top\" style=\"grid-template-columns:30% auto\"><figure class=\"wp-block-media-text__media\"><img loading=\"lazy\" decoding=\"async\" width=\"480\" height=\"500\" src=\"https:\/\/vbcompliance.cl\/home\/wp-content\/uploads\/2026\/03\/Foto4.jpg\" alt=\"\" class=\"wp-image-2458 size-full\" srcset=\"https:\/\/vbcompliance.cl\/home\/wp-content\/uploads\/2026\/03\/Foto4.jpg 480w, https:\/\/vbcompliance.cl\/home\/wp-content\/uploads\/2026\/03\/Foto4-288x300.jpg 288w\" sizes=\"auto, (max-width: 480px) 100vw, 480px\" \/><\/figure><div class=\"wp-block-media-text__content\">\n<header class=\"wp-block-uagb-advanced-heading uagb-block-0077cc88\"><h4 class=\"uagb-heading-text\">05. <strong><strong>Dise\u00f1o e implementaci\u00f3n de Matrices de Riesgos.<\/strong><\/strong><\/h4><\/header>\n\n\n\n<p><\/p>\n\n\n\n<p><strong>La matriz de riesgo permite a las organizaciones cumplir de manera estructurada y eficiente con las exigencias establecidas en las siguientes normativas legales:<\/strong><\/p>\n\n\n\n<ul class=\"wp-block-list\">\n<li>Ley <strong>N\u00b020.393<\/strong> (responsabilidad penal de las personas jur\u00eddicas)<\/li>\n\n\n\n<li>Ley <strong>N\u00b021.595<\/strong> (delitos econ\u00f3micos y ambientales)<\/li>\n\n\n\n<li>Ley <strong>N\u00b019.91<\/strong>3 (prevenci\u00f3n de lavado de activos \u2013 UAF)<\/li>\n\n\n\n<li>Ley <strong>N\u00b019.496<\/strong> (protecci\u00f3n de los derechos de los consumidores)<\/li>\n\n\n\n<li>Ley <strong>N\u00b021.719<\/strong> (protecci\u00f3n y tratamiento de los datos personales)<\/li>\n\n\n\n<li>Ley <strong>N\u00b021.643<\/strong> (Karin)<\/li>\n<\/ul>\n\n\n\n<p>Acompa\u00f1amos a su organizaci\u00f3n en la identificaci\u00f3n, evaluaci\u00f3n y priorizaci\u00f3n de los riesgos de cumplimiento que puedan impactar su operaci\u00f3n, considerando su realidad espec\u00edfica, giro, tama\u00f1o, ubicaci\u00f3n, estructura y n\u00famero de colaboradores.<\/p>\n\n\n\n<p>El dise\u00f1o y la implementaci\u00f3n de la matriz de riesgos es un pilar clave de cualquier programa de Compliance efectivo, ya que permite identificar los riesgos m\u00e1s relevantes seg\u00fan su nivel de probabilidad e impacto y definir controles y medidas concretas para prevenirlos o detectarlos oportunamente. Esto facilita una asignaci\u00f3n eficiente de recursos y una mejor toma de decisiones a nivel estrat\u00e9gico.<\/p>\n\n\n\n<p>Establece un sistema de controles robusto que fortalece la prevenci\u00f3n de delitos, reduce la exposici\u00f3n a sanciones y genera un efecto disuasivo real, reforzando la cultura de cumplimiento dentro de la organizaci\u00f3n.<\/p>\n<\/div><\/div>\n<\/div><\/div>\n\n\n\n<div id=\"establecer\" class=\"wp-block-uagb-container uagb-block-56937719 alignfull uagb-is-root-container\"><div class=\"uagb-container-inner-blocks-wrap\">\n<div class=\"wp-block-media-text alignwide is-stacked-on-mobile is-vertically-aligned-top\" style=\"grid-template-columns:30% auto\"><figure class=\"wp-block-media-text__media\"><img loading=\"lazy\" decoding=\"async\" width=\"480\" height=\"500\" src=\"https:\/\/vbcompliance.cl\/home\/wp-content\/uploads\/2026\/03\/Foto3.jpg\" alt=\"\" class=\"wp-image-2457 size-full\" srcset=\"https:\/\/vbcompliance.cl\/home\/wp-content\/uploads\/2026\/03\/Foto3.jpg 480w, https:\/\/vbcompliance.cl\/home\/wp-content\/uploads\/2026\/03\/Foto3-288x300.jpg 288w\" sizes=\"auto, (max-width: 480px) 100vw, 480px\" \/><\/figure><div class=\"wp-block-media-text__content\">\n<header class=\"wp-block-uagb-advanced-heading uagb-block-4d56f930\"><h4 class=\"uagb-heading-text\">06.  <strong><strong>Dise\u00f1o e implementaci\u00f3n de Modelos de Prevenci\u00f3n de Lavado de Activos y Financiamiento del Terrorismo a sujetos obligados<\/strong><\/strong>.<\/h4><\/header>\n\n\n\n<p><\/p>\n\n\n\n<p>Implementamos Modelos alineados a la Ley N\u00b019.913 y las normativas de la Unidad de An\u00e1lisis Financiero (UAF), dirigidos a sujetos obligados de sectores altamente regulados.<\/p>\n\n\n\n<p><strong>Nuestro enfoque pone especial \u00e9nfasis en:<\/strong><\/p>\n\n\n\n<ul class=\"wp-block-list\">\n<li>Debida Diligencia de clientes, proveedores y terceros relacionados.<\/li>\n\n\n\n<li>Reportes de Operaciones en Efectivo (ROE) y Operaciones Sospechosas (ROS).<\/li>\n\n\n\n<li>Mantenci\u00f3n de registros y trazabilidad documental.<\/li>\n\n\n\n<li>Pol\u00edticas de relacionamiento con Personas Expuestas Pol\u00edticamente (PEP).<\/li>\n\n\n\n<li>Implementaci\u00f3n de nuevas leyes y regulaciones aplicables.<\/li>\n<\/ul>\n\n\n\n<p>Con esta implementaci\u00f3n, su organizaci\u00f3n fortalece su cumplimiento normativo, previene riesgos legales y reputacionales, y consolida una cultura de integridad y transparencia frente a reguladores, clientes e inversionistas.<\/p>\n<\/div><\/div>\n<\/div><\/div>\n\n\n\n<div id=\"matriz\" class=\"wp-block-uagb-container uagb-block-65400f41 alignfull uagb-is-root-container\"><div class=\"uagb-container-inner-blocks-wrap\">\n<div class=\"wp-block-media-text alignwide is-stacked-on-mobile is-vertically-aligned-top\" style=\"grid-template-columns:30% auto\"><figure class=\"wp-block-media-text__media\"><img loading=\"lazy\" decoding=\"async\" width=\"480\" height=\"500\" src=\"https:\/\/vbcompliance.cl\/home\/wp-content\/uploads\/2026\/03\/Foto1.jpg\" alt=\"\" class=\"wp-image-2455 size-full\" srcset=\"https:\/\/vbcompliance.cl\/home\/wp-content\/uploads\/2026\/03\/Foto1.jpg 480w, https:\/\/vbcompliance.cl\/home\/wp-content\/uploads\/2026\/03\/Foto1-288x300.jpg 288w\" sizes=\"auto, (max-width: 480px) 100vw, 480px\" \/><\/figure><div class=\"wp-block-media-text__content\">\n<header class=\"wp-block-uagb-advanced-heading uagb-block-4337a5dc\"><h4 class=\"uagb-heading-text\">07.  <strong><strong>Certificaci\u00f3n o Implementaci\u00f3n de Planes de Cumplimiento SERNAC<\/strong><\/strong>.<\/h4><\/header>\n\n\n\n<p><\/p>\n\n\n\n<p><strong>Certificamos Planes de Cumplimiento para la protecci\u00f3n de los derechos de los consumidores:<\/strong><\/p>\n\n\n\n<ul class=\"wp-block-list\">\n<li>Correctivos, en el marco de los acuerdos alcanzados en Procedimientos Voluntarios Colectivos (PVC) con el SERNAC.<\/li>\n\n\n\n<li>Preventivos, orientados a fortalecer y consolidar los programas de cumplimiento de las organizaciones en materias de protecci\u00f3n al consumidor.<\/li>\n<\/ul>\n\n\n\n<p>Obtuvimos la certificaci\u00f3n del SERNAC para la certificaci\u00f3n de planes de cumplimiento en normas de protecci\u00f3n al consumidor, de acuerdo con lo establecido en la Resoluci\u00f3n Exenta N\u00b0813, de 2020.<\/p>\n\n\n\n<p>Dise\u00f1amos e implementamos Planes de Cumplimiento robustos en Protecci\u00f3n de los Derechos de los Consumidores (LPC), integrando los m\u00e1s altos est\u00e1ndares nacionales e internacionales. Nuestra metodolog\u00eda se alinea con las leyes N\u00b019.496 y N\u00b021.081, adapt\u00e1ndose a la din\u00e1mica y procesos actuales de&nbsp;su Organizaci\u00f3n. Aseguramos el cumplimiento normativo ante el SERNAC sin ser un stopper del \u00e1rea comercial, garantizando una respuesta eficiente frente a futuras fiscalizaciones y terceras partes relacionadas.<\/p>\n\n\n\n<p>Nuestra labor garantiza que las empresas cuenten con planes s\u00f3lidos, verificables y alineados con la normativa vigente, ofreciendo a los consumidores mayor seguridad y a las organizaciones un respaldo institucional en su compromiso con las buenas pr\u00e1cticas.<\/p>\n<\/div><\/div>\n<\/div><\/div>\n\n\n\n<div id=\"actual\" class=\"wp-block-uagb-container uagb-block-f4f34ca9 alignfull uagb-is-root-container\"><div class=\"uagb-container-inner-blocks-wrap\">\n<div class=\"wp-block-media-text alignwide is-stacked-on-mobile is-vertically-aligned-top\" style=\"grid-template-columns:30% auto\"><figure class=\"wp-block-media-text__media\"><img loading=\"lazy\" decoding=\"async\" width=\"480\" height=\"500\" src=\"https:\/\/vbcompliance.cl\/home\/wp-content\/uploads\/2025\/03\/Karim.jpg\" alt=\"\" class=\"wp-image-2280 size-full\" srcset=\"https:\/\/vbcompliance.cl\/home\/wp-content\/uploads\/2025\/03\/Karim.jpg 480w, https:\/\/vbcompliance.cl\/home\/wp-content\/uploads\/2025\/03\/Karim-288x300.jpg 288w\" sizes=\"auto, (max-width: 480px) 100vw, 480px\" \/><\/figure><div class=\"wp-block-media-text__content\">\n<header class=\"wp-block-uagb-advanced-heading uagb-block-b318f1d2\"><h4 class=\"uagb-heading-text\">08.  <strong><strong>Dise\u00f1o e implementaci\u00f3n del Ley N\u00b021.643, Ley Karin.<\/strong><\/strong><\/h4><\/header>\n\n\n\n<p><\/p>\n\n\n\n<p>La implementaci\u00f3n de esta Ley incorpora en su reglamento interno un Protocolo de prevenci\u00f3n, denuncia, investigaci\u00f3n y sanci\u00f3n.<\/p>\n\n\n\n<p>Nuestro servicio, considera capacitaciones a todos los colaboradores, quedando a su disposici\u00f3n las pol\u00edticas, protocolos y procedimientos a aplicar, el canal de denuncia confidencial alineado a la Ley Karin y los protocolos confidenciales que nuestra Consultora implementa, siendo incorporado en el Reglamento Interno de Orden, Higiene y Seguridad.&nbsp;(RIOHS).<\/p>\n\n\n\n<p>Matrices de riesgo, dise\u00f1o y generaci\u00f3n alineadas a las obligaciones de la Ley. <strong><\/strong><\/p>\n<\/div><\/div>\n<\/div><\/div>\n\n\n\n<p><\/p>\n","protected":false},"excerpt":{"rendered":"<p>Servicios Lo que hacemos Somos una consultora autorizada por la Comisi\u00f3n para el Mercado Financiero (CMF) para certificar Modelos dePrevenci\u00f3n de Delitos y acreditada por el SERNAC para certificar Planes de Cumplimiento en normasde protecci\u00f3n de los Derechos del Consumidor, en el marco de Procedimientos Voluntarios Colectivos (PVC). 01. Dise\u00f1o e implementaci\u00f3n de Modelos protecci\u00f3n [&hellip;]<\/p>\n","protected":false},"author":1,"featured_media":0,"parent":0,"menu_order":0,"comment_status":"closed","ping_status":"closed","template":"","meta":{"_uag_custom_page_level_css":"","site-sidebar-layout":"no-sidebar","site-content-layout":"plain-container","ast-site-content-layout":"normal-width-container","site-content-style":"unboxed","site-sidebar-style":"unboxed","ast-global-header-display":"","ast-banner-title-visibility":"","ast-main-header-display":"","ast-hfb-above-header-display":"","ast-hfb-below-header-display":"","ast-hfb-mobile-header-display":"","site-post-title":"disabled","ast-breadcrumbs-content":"disabled","ast-featured-img":"disabled","footer-sml-layout":"","theme-transparent-header-meta":"disabled","adv-header-id-meta":"","stick-header-meta":"","header-above-stick-meta":"","header-main-stick-meta":"","header-below-stick-meta":"","astra-migrate-meta-layouts":"set","ast-page-background-enabled":"default","ast-page-background-meta":{"desktop":{"background-color":"var(--ast-global-color-4)","background-image":"","background-repeat":"repeat","background-position":"center center","background-size":"auto","background-attachment":"scroll","background-type":"","background-media":"","overlay-type":"","overlay-color":"","overlay-opacity":"","overlay-gradient":""},"tablet":{"background-color":"","background-image":"","background-repeat":"repeat","background-position":"center center","background-size":"auto","background-attachment":"scroll","background-type":"","background-media":"","overlay-type":"","overlay-color":"","overlay-opacity":"","overlay-gradient":""},"mobile":{"background-color":"","background-image":"","background-repeat":"repeat","background-position":"center center","background-size":"auto","background-attachment":"scroll","background-type":"","background-media":"","overlay-type":"","overlay-color":"","overlay-opacity":"","overlay-gradient":""}},"ast-content-background-meta":{"desktop":{"background-color":"var(--ast-global-color-5)","background-image":"","background-repeat":"repeat","background-position":"center center","background-size":"auto","background-attachment":"scroll","background-type":"","background-media":"","overlay-type":"","overlay-color":"","overlay-opacity":"","overlay-gradient":""},"tablet":{"background-color":"var(--ast-global-color-5)","background-image":"","background-repeat":"repeat","background-position":"center center","background-size":"auto","background-attachment":"scroll","background-type":"","background-media":"","overlay-type":"","overlay-color":"","overlay-opacity":"","overlay-gradient":""},"mobile":{"background-color":"var(--ast-global-color-5)","background-image":"","background-repeat":"repeat","background-position":"center center","background-size":"auto","background-attachment":"scroll","background-type":"","background-media":"","overlay-type":"","overlay-color":"","overlay-opacity":"","overlay-gradient":""}},"footnotes":""},"class_list":["post-2159","page","type-page","status-publish","hentry"],"uagb_featured_image_src":{"full":false,"thumbnail":false,"medium":false,"medium_large":false,"large":false,"1536x1536":false,"2048x2048":false},"uagb_author_info":{"display_name":"vbmario","author_link":"https:\/\/vbcompliance.cl\/home\/author\/vbmario\/"},"uagb_comment_info":0,"uagb_excerpt":"Servicios Lo que hacemos Somos una consultora autorizada por la Comisi\u00f3n para el Mercado Financiero (CMF) para certificar Modelos dePrevenci\u00f3n de Delitos y acreditada por el SERNAC para certificar Planes de Cumplimiento en normasde protecci\u00f3n de los Derechos del Consumidor, en el marco de Procedimientos Voluntarios Colectivos (PVC). 01. Dise\u00f1o e implementaci\u00f3n de Modelos protecci\u00f3n&hellip;","_links":{"self":[{"href":"https:\/\/vbcompliance.cl\/home\/wp-json\/wp\/v2\/pages\/2159","targetHints":{"allow":["GET"]}}],"collection":[{"href":"https:\/\/vbcompliance.cl\/home\/wp-json\/wp\/v2\/pages"}],"about":[{"href":"https:\/\/vbcompliance.cl\/home\/wp-json\/wp\/v2\/types\/page"}],"author":[{"embeddable":true,"href":"https:\/\/vbcompliance.cl\/home\/wp-json\/wp\/v2\/users\/1"}],"replies":[{"embeddable":true,"href":"https:\/\/vbcompliance.cl\/home\/wp-json\/wp\/v2\/comments?post=2159"}],"version-history":[{"count":43,"href":"https:\/\/vbcompliance.cl\/home\/wp-json\/wp\/v2\/pages\/2159\/revisions"}],"predecessor-version":[{"id":2459,"href":"https:\/\/vbcompliance.cl\/home\/wp-json\/wp\/v2\/pages\/2159\/revisions\/2459"}],"wp:attachment":[{"href":"https:\/\/vbcompliance.cl\/home\/wp-json\/wp\/v2\/media?parent=2159"}],"curies":[{"name":"wp","href":"https:\/\/api.w.org\/{rel}","templated":true}]}}